{"id":23360,"date":"2024-06-13T13:57:18","date_gmt":"2024-06-13T11:57:18","guid":{"rendered":"https:\/\/www.meteorage.com\/condiciones-generales-de-venta\/"},"modified":"2025-06-11T16:10:42","modified_gmt":"2025-06-11T14:10:42","slug":"condiciones-generales-de-venta","status":"publish","type":"page","link":"https:\/\/www.meteorage.com\/es\/condiciones-generales-de-venta\/","title":{"rendered":"Condiciones generales de venta"},"content":{"rendered":"\t\t<div data-elementor-type=\"wp-page\" data-elementor-id=\"23360\" class=\"elementor elementor-23360 elementor-17522\" data-elementor-post-type=\"page\">\n\t\t\t\t<div class=\"elementor-element elementor-element-4d0316f e-flex e-con-boxed e-con e-parent\" data-id=\"4d0316f\" data-element_type=\"container\" data-e-type=\"container\">\n\t\t\t\t\t<div class=\"e-con-inner\">\n\t\t\t\t<div class=\"elementor-element elementor-element-e3b3efe elementor-widget elementor-widget-heading\" data-id=\"e3b3efe\" data-element_type=\"widget\" data-e-type=\"widget\" data-widget_type=\"heading.default\">\n\t\t\t\t<div class=\"elementor-widget-container\">\n\t\t\t\t\t<h1 class=\"elementor-heading-title elementor-size-default\">Condiciones generales de venta<\/h1>\t\t\t\t<\/div>\n\t\t\t\t<\/div>\n\t\t\t\t\t<\/div>\n\t\t\t\t<\/div>\n\t\t<div class=\"elementor-element elementor-element-79c843c e-flex e-con-boxed e-con e-child\" data-id=\"79c843c\" data-element_type=\"container\" data-e-type=\"container\">\n\t\t\t\t\t<div class=\"e-con-inner\">\n\t\t\t\t<div class=\"elementor-element elementor-element-c1cf601 elementor-widget elementor-widget-spacer\" data-id=\"c1cf601\" data-element_type=\"widget\" data-e-type=\"widget\" data-widget_type=\"spacer.default\">\n\t\t\t\t<div class=\"elementor-widget-container\">\n\t\t\t\t\t\t\t<div class=\"elementor-spacer\">\n\t\t\t<div class=\"elementor-spacer-inner\"><\/div>\n\t\t<\/div>\n\t\t\t\t\t\t<\/div>\n\t\t\t\t<\/div>\n\t\t\t\t\t<\/div>\n\t\t\t\t<\/div>\n\t\t<div class=\"elementor-element elementor-element-1416033 e-flex e-con-boxed e-con e-parent\" data-id=\"1416033\" data-element_type=\"container\" data-e-type=\"container\">\n\t\t\t\t\t<div class=\"e-con-inner\">\n\t\t\t\t<div class=\"elementor-element elementor-element-c3cea96 elementor-widget elementor-widget-text-editor\" data-id=\"c3cea96\" data-element_type=\"widget\" data-e-type=\"widget\" data-widget_type=\"text-editor.default\">\n\t\t\t\t<div class=\"elementor-widget-container\">\n\t\t\t\t\t\t\t\t\t<p style=\"text-align: left;\">Bienvenido a nuestra p\u00e1gina web Estamos encantados de ofrecerle nuestras soluciones.<\/p>\r\n<p style=\"text-align: left;\">Para garantizarle una experiencia de compra clara y transparente, hemos redactado unas Condiciones Generales de Venta que definen los derechos y obligaciones tanto nuestros como suyos como cliente. Estas Condiciones Generales se aplican a todas las ventas de productos, incluidas las ventas en l\u00ednea realizadas a trav\u00e9s de nuestro sitio web (v\u00e9anse las Condiciones Generales en l\u00ednea). Puede consultarlas en cualquier momento en esta p\u00e1gina. Le rogamos que lea atentamente nuestras Condiciones en l\u00ednea antes de realizar un pedido en nuestro sitio web.<\/p>\r\n<p style=\"text-align: left;\">No dude en ponerse en contacto con nosotros si tiene alguna pregunta.<\/p>\r\n<p style=\"text-align: left;\">Gracias por su confianza.<\/p>\t\t\t\t\t\t\t\t<\/div>\n\t\t\t\t<\/div>\n\t\t\t\t\t<\/div>\n\t\t\t\t<\/div>\n\t\t<div class=\"elementor-element elementor-element-4617c7e e-flex e-con-boxed e-con e-parent\" data-id=\"4617c7e\" data-element_type=\"container\" data-e-type=\"container\">\n\t\t\t\t\t<div class=\"e-con-inner\">\n\t\t\t\t<div class=\"elementor-element elementor-element-1c5b3a5 elementor-widget elementor-widget-spacer\" data-id=\"1c5b3a5\" data-element_type=\"widget\" data-e-type=\"widget\" data-widget_type=\"spacer.default\">\n\t\t\t\t<div class=\"elementor-widget-container\">\n\t\t\t\t\t\t\t<div class=\"elementor-spacer\">\n\t\t\t<div class=\"elementor-spacer-inner\"><\/div>\n\t\t<\/div>\n\t\t\t\t\t\t<\/div>\n\t\t\t\t<\/div>\n\t\t\t\t\t<\/div>\n\t\t\t\t<\/div>\n\t\t<div class=\"elementor-element elementor-element-a80c987 e-flex e-con-boxed e-con e-parent\" data-id=\"a80c987\" data-element_type=\"container\" data-e-type=\"container\" data-settings=\"{&quot;background_background&quot;:&quot;classic&quot;}\">\n\t\t\t\t\t<div class=\"e-con-inner\">\n\t\t<div class=\"elementor-element elementor-element-0306186 e-con-full e-flex e-con e-child\" data-id=\"0306186\" data-element_type=\"container\" data-e-type=\"container\">\n\t\t\t\t<div class=\"elementor-element elementor-element-7ec9da0 elementor-widget elementor-widget-heading\" data-id=\"7ec9da0\" data-element_type=\"widget\" data-e-type=\"widget\" data-widget_type=\"heading.default\">\n\t\t\t\t<div class=\"elementor-widget-container\">\n\t\t\t\t\t<h2 class=\"elementor-heading-title elementor-size-default\">Nuestras condiciones generales de venta<\/h2>\t\t\t\t<\/div>\n\t\t\t\t<\/div>\n\t\t\t\t<div class=\"elementor-element elementor-element-5274409 elementor-align-center elementor-widget elementor-widget-button\" data-id=\"5274409\" data-element_type=\"widget\" data-e-type=\"widget\" data-widget_type=\"button.default\">\n\t\t\t\t<div class=\"elementor-widget-container\">\n\t\t\t\t\t\t\t\t\t<div class=\"elementor-button-wrapper\">\n\t\t\t\t\t<a class=\"elementor-button elementor-button-link elementor-size-lg\" href=\"https:\/\/www.meteorage.com\/wp-content\/uploads\/2025\/06\/METEORAGE-CGV-032025_ES.pdf\" target=\"_blank\">\n\t\t\t\t\t\t<span class=\"elementor-button-content-wrapper\">\n\t\t\t\t\t\t\t\t\t<span class=\"elementor-button-text\">Descargue nuestras condiciones generales de venta <\/span>\n\t\t\t\t\t<\/span>\n\t\t\t\t\t<\/a>\n\t\t\t\t<\/div>\n\t\t\t\t\t\t\t\t<\/div>\n\t\t\t\t<\/div>\n\t\t\t\t<\/div>\n\t\t\t\t<div class=\"elementor-element elementor-element-8ca71b3 elementor-widget elementor-widget-spacer\" data-id=\"8ca71b3\" data-element_type=\"widget\" data-e-type=\"widget\" data-widget_type=\"spacer.default\">\n\t\t\t\t<div class=\"elementor-widget-container\">\n\t\t\t\t\t\t\t<div class=\"elementor-spacer\">\n\t\t\t<div class=\"elementor-spacer-inner\"><\/div>\n\t\t<\/div>\n\t\t\t\t\t\t<\/div>\n\t\t\t\t<\/div>\n\t\t<div class=\"elementor-element elementor-element-dc88b6e e-con-full e-flex e-con e-child\" data-id=\"dc88b6e\" data-element_type=\"container\" data-e-type=\"container\">\n\t\t\t\t<div class=\"elementor-element elementor-element-37bbd93 elementor-widget elementor-widget-heading\" data-id=\"37bbd93\" data-element_type=\"widget\" data-e-type=\"widget\" data-widget_type=\"heading.default\">\n\t\t\t\t<div class=\"elementor-widget-container\">\n\t\t\t\t\t<h2 class=\"elementor-heading-title elementor-size-default\">Nuestras condiciones generales de venta en l\u00ednea<\/h2>\t\t\t\t<\/div>\n\t\t\t\t<\/div>\n\t\t\t\t<div class=\"elementor-element elementor-element-6433730 elementor-align-center elementor-widget elementor-widget-button\" data-id=\"6433730\" data-element_type=\"widget\" data-e-type=\"widget\" data-widget_type=\"button.default\">\n\t\t\t\t<div class=\"elementor-widget-container\">\n\t\t\t\t\t\t\t\t\t<div class=\"elementor-button-wrapper\">\n\t\t\t\t\t<a class=\"elementor-button elementor-button-link elementor-size-lg\" href=\"https:\/\/www.meteorage.com\/wp-content\/uploads\/2024\/06\/CGV-e-commerce_ES.pdf\" target=\"_blank\">\n\t\t\t\t\t\t<span class=\"elementor-button-content-wrapper\">\n\t\t\t\t\t\t\t\t\t<span class=\"elementor-button-text\">Descargue nuestras condiciones generales de venta en l\u00ednea<\/span>\n\t\t\t\t\t<\/span>\n\t\t\t\t\t<\/a>\n\t\t\t\t<\/div>\n\t\t\t\t\t\t\t\t<\/div>\n\t\t\t\t<\/div>\n\t\t\t\t<\/div>\n\t\t\t\t\t<\/div>\n\t\t\t\t<\/div>\n\t\t<div class=\"elementor-element elementor-element-1ab72d7 e-flex e-con-boxed e-con e-parent\" data-id=\"1ab72d7\" data-element_type=\"container\" data-e-type=\"container\">\n\t\t\t\t\t<div class=\"e-con-inner\">\n\t\t<div class=\"elementor-element elementor-element-45b0947 e-flex e-con-boxed e-con e-child\" data-id=\"45b0947\" data-element_type=\"container\" data-e-type=\"container\">\n\t\t\t\t\t<div class=\"e-con-inner\">\n\t\t\t\t<div class=\"elementor-element elementor-element-4d21664 elementor-widget elementor-widget-spacer\" data-id=\"4d21664\" data-element_type=\"widget\" data-e-type=\"widget\" data-widget_type=\"spacer.default\">\n\t\t\t\t<div class=\"elementor-widget-container\">\n\t\t\t\t\t\t\t<div class=\"elementor-spacer\">\n\t\t\t<div class=\"elementor-spacer-inner\"><\/div>\n\t\t<\/div>\n\t\t\t\t\t\t<\/div>\n\t\t\t\t<\/div>\n\t\t\t\t\t<\/div>\n\t\t\t\t<\/div>\n\t\t\t\t\t<\/div>\n\t\t\t\t<\/div>\n\t\t<div class=\"elementor-element elementor-element-4ec7abb our-mission  e-flex e-con-boxed e-con e-parent\" data-id=\"4ec7abb\" data-element_type=\"container\" data-e-type=\"container\" data-settings=\"{&quot;background_background&quot;:&quot;classic&quot;}\">\n\t\t\t\t\t<div class=\"e-con-inner\">\n\t\t<div class=\"elementor-element elementor-element-c3ef696 icon-text-links e-flex e-con-boxed e-con e-child\" data-id=\"c3ef696\" data-element_type=\"container\" data-e-type=\"container\">\n\t\t\t\t\t<div class=\"e-con-inner\">\n\t\t\t\t<div class=\"elementor-element elementor-element-f85082a elementor-position-inline-start elementor-mobile-position-inline-start elementor-view-default elementor-widget elementor-widget-icon-box\" data-id=\"f85082a\" data-element_type=\"widget\" data-e-type=\"widget\" data-widget_type=\"icon-box.default\">\n\t\t\t\t<div class=\"elementor-widget-container\">\n\t\t\t\t\t\t\t<div class=\"elementor-icon-box-wrapper\">\n\n\t\t\t\t\t\t<div class=\"elementor-icon-box-icon\">\n\t\t\t\t<span  class=\"elementor-icon\">\n\t\t\t\t<svg xmlns=\"http:\/\/www.w3.org\/2000\/svg\" id=\"noun-verified-time-3388672\" width=\"35.861\" height=\"35.86\" viewBox=\"0 0 35.861 35.86\"><path id=\"Path_14201\" data-name=\"Path 14201\" d=\"M29.884,15.689a.747.747,0,0,0,1.494,0A15.689,15.689,0,1,0,15.689,31.378a.747.747,0,1,0,0-1.494A14.195,14.195,0,1,1,29.884,15.689Z\" fill=\"#ffe98f\"><\/path><path id=\"Path_14202\" data-name=\"Path 14202\" d=\"M10.747,3.141A.747.747,0,0,0,10,3.888V14.137a.747.747,0,0,0,.747.747h7.065a.747.747,0,1,0,0-1.494H11.494v-9.5A.746.746,0,0,0,10.747,3.141Z\" transform=\"translate(4.942 1.552)\" fill=\"#ffe98f\"><\/path><path id=\"Path_14203\" data-name=\"Path 14203\" d=\"M21.218,13a8.218,8.218,0,1,0,8.218,8.218A8.228,8.228,0,0,0,21.218,13Zm0,14.942a6.724,6.724,0,1,1,6.724-6.724A6.732,6.732,0,0,1,21.218,27.942Z\" transform=\"translate(6.424 6.424)\" fill=\"#ffe98f\"><\/path><path id=\"Path_14204\" data-name=\"Path 14204\" d=\"M22.556,17.015,18.871,20.7l-1.6-1.6a.747.747,0,0,0-1.056,1.056l2.125,2.123a.75.75,0,0,0,1.058,0l4.212-4.214a.747.747,0,1,0-1.058-1.055Z\" transform=\"translate(7.907 8.3)\" fill=\"#ffe98f\"><\/path><\/svg>\t\t\t\t<\/span>\n\t\t\t<\/div>\n\t\t\t\n\t\t\t\t\t\t<div class=\"elementor-icon-box-content\">\n\n\t\t\t\t\t\t\t\t\t<h4 class=\"elementor-icon-box-title\">\n\t\t\t\t\t\t<span  >\n\t\t\t\t\t\t\tDesde 1987\t\t\t\t\t\t<\/span>\n\t\t\t\t\t<\/h4>\n\t\t\t\t\n\t\t\t\t\n\t\t\t<\/div>\n\t\t\t\n\t\t<\/div>\n\t\t\t\t\t\t<\/div>\n\t\t\t\t<\/div>\n\t\t\t\t<div class=\"elementor-element elementor-element-6b5777b elementor-position-inline-start elementor-mobile-position-inline-start elementor-view-default elementor-widget elementor-widget-icon-box\" data-id=\"6b5777b\" data-element_type=\"widget\" data-e-type=\"widget\" data-widget_type=\"icon-box.default\">\n\t\t\t\t<div class=\"elementor-widget-container\">\n\t\t\t\t\t\t\t<div class=\"elementor-icon-box-wrapper\">\n\n\t\t\t\t\t\t<div class=\"elementor-icon-box-icon\">\n\t\t\t\t<span  class=\"elementor-icon\">\n\t\t\t\t<svg xmlns=\"http:\/\/www.w3.org\/2000\/svg\" id=\"noun-award-1420443\" width=\"32.523\" height=\"39.994\" viewBox=\"0 0 32.523 39.994\"><g id=\"Group_16449\" data-name=\"Group 16449\" transform=\"translate(0 0)\"><path id=\"Path_14209\" data-name=\"Path 14209\" d=\"M-853,494.9a10.033,10.033,0,0,0-10,10.029,10.033,10.033,0,0,0,10,10.029,10.033,10.033,0,0,0,10-10.029A10.033,10.033,0,0,0-853,494.9Zm0,18.776a8.78,8.78,0,0,1-8.748-8.779A8.78,8.78,0,0,1-853,496.118a8.78,8.78,0,0,1,8.748,8.779A8.78,8.78,0,0,1-853,513.676Z\" transform=\"translate(869.264 -489.366)\" fill=\"#ffe98f\"><\/path><path id=\"Path_14210\" data-name=\"Path 14210\" d=\"M-850.668,492.374l-3-3.905.125-4.9a.6.6,0,0,0-.437-.625l-4.718-1.375-2.749-4.061a.6.6,0,0,0-.718-.25l-4.624,1.656-4.655-1.687a.609.609,0,0,0-.719.25l-2.749,4.061-4.718,1.375a.679.679,0,0,0-.437.625l.156,4.936-3,3.874a.57.57,0,0,0,0,.75l3,3.905-.125,4.936a.6.6,0,0,0,.438.625l4.686,1.375h0v12.622a.644.644,0,0,0,.312.531.6.6,0,0,0,.313.094.6.6,0,0,0,.312-.094l7.186-4.218,7.186,4.218a.568.568,0,0,0,.625,0,.6.6,0,0,0,.312-.531V503.933h0l4.717-1.375a.68.68,0,0,0,.437-.625l-.156-4.936,3-3.874A.57.57,0,0,0-850.668,492.374Zm-9.247,23.119-6.561-3.843a.567.567,0,0,0-.625,0l-6.561,3.843v-9.716l1.5,2.218a.654.654,0,0,0,.531.281.451.451,0,0,0,.219-.062l4.624-1.656,4.655,1.687a.609.609,0,0,0,.719-.25l1.5-2.218Zm5.124-19.089a.629.629,0,0,0-.125.406l.125,4.655-4.468,1.312a.556.556,0,0,0-.344.25L-862.2,506.9l-4.374-1.593a.532.532,0,0,0-.219-.031c-.063,0-.156,0-.187.031l-4.374,1.593-2.624-3.843a.655.655,0,0,0-.344-.25l-4.468-1.312.125-4.655a.628.628,0,0,0-.125-.406l-2.843-3.686,2.843-3.687a.628.628,0,0,0,.125-.406l-.125-4.655,4.468-1.312a.556.556,0,0,0,.344-.25l2.593-3.874,4.374,1.593a.533.533,0,0,0,.437,0l4.374-1.593,2.593,3.843a.655.655,0,0,0,.344.25l4.468,1.312-.125,4.655a.628.628,0,0,0,.125.406l2.843,3.687Z\" transform=\"translate(883.05 -477.186)\" fill=\"#ffe98f\"><\/path><\/g><\/svg>\t\t\t\t<\/span>\n\t\t\t<\/div>\n\t\t\t\n\t\t\t\t\t\t<div class=\"elementor-icon-box-content\">\n\n\t\t\t\t\t\t\t\t\t<h4 class=\"elementor-icon-box-title\">\n\t\t\t\t\t\t<span  >\n\t\t\t\t\t\t\tCertificaci\u00f3n ISO 9001\t\t\t\t\t\t<\/span>\n\t\t\t\t\t<\/h4>\n\t\t\t\t\n\t\t\t\t\n\t\t\t<\/div>\n\t\t\t\n\t\t<\/div>\n\t\t\t\t\t\t<\/div>\n\t\t\t\t<\/div>\n\t\t\t\t<div class=\"elementor-element elementor-element-0c671a0 elementor-position-inline-start elementor-mobile-position-inline-start elementor-view-default elementor-widget elementor-widget-icon-box\" data-id=\"0c671a0\" data-element_type=\"widget\" data-e-type=\"widget\" data-widget_type=\"icon-box.default\">\n\t\t\t\t<div class=\"elementor-widget-container\">\n\t\t\t\t\t\t\t<div class=\"elementor-icon-box-wrapper\">\n\n\t\t\t\t\t\t<div class=\"elementor-icon-box-icon\">\n\t\t\t\t<span  class=\"elementor-icon\">\n\t\t\t\t<svg xmlns=\"http:\/\/www.w3.org\/2000\/svg\" id=\"noun-done-3866297\" width=\"35.684\" height=\"35.683\" viewBox=\"0 0 35.684 35.683\"><g id=\"Group_16452\" data-name=\"Group 16452\" transform=\"translate(0)\"><g id=\"Group_16451\" data-name=\"Group 16451\"><path id=\"Path_14212\" data-name=\"Path 14212\" d=\"M205.386,805.386v2.1a4.2,4.2,0,0,1-4.2,4.2H180.2a4.2,4.2,0,0,1-4.2-4.2V786.5a4.2,4.2,0,0,1,4.2-4.2h2.1v-2.1a4.2,4.2,0,0,1,4.2-4.2h20.99a4.2,4.2,0,0,1,4.2,4.2v20.99a4.2,4.2,0,0,1-4.2,4.2ZM182.3,784.4h-2.1a2.1,2.1,0,0,0-2.1,2.1v20.99a2.1,2.1,0,0,0,2.1,2.1h20.99a2.1,2.1,0,0,0,2.1-2.1v-2.1H186.5a4.2,4.2,0,0,1-4.2-4.2Zm4.2-6.3a2.1,2.1,0,0,0-2.1,2.1v20.99a2.1,2.1,0,0,0,2.1,2.1h20.99a2.1,2.1,0,0,0,2.1-2.1V780.2a2.1,2.1,0,0,0-2.1-2.1Zm13.426,9.753a1.049,1.049,0,0,1,1.484,1.484l-4.723,4.723a1.049,1.049,0,0,1-1.484,0l-2.624-2.624a1.049,1.049,0,0,1,1.484-1.484l1.882,1.882Z\" transform=\"translate(-176 -776)\" fill=\"#ffe98f\"><\/path><\/g><\/g><\/svg>\t\t\t\t<\/span>\n\t\t\t<\/div>\n\t\t\t\n\t\t\t\t\t\t<div class=\"elementor-icon-box-content\">\n\n\t\t\t\t\t\t\t\t\t<h4 class=\"elementor-icon-box-title\">\n\t\t\t\t\t\t<span  >\n\t\t\t\t\t\t\tCertificaci\u00f3n Qualifoudre\t\t\t\t\t\t<\/span>\n\t\t\t\t\t<\/h4>\n\t\t\t\t\n\t\t\t\t\n\t\t\t<\/div>\n\t\t\t\n\t\t<\/div>\n\t\t\t\t\t\t<\/div>\n\t\t\t\t<\/div>\n\t\t\t\t<div class=\"elementor-element elementor-element-7ccff48 elementor-position-inline-start elementor-mobile-position-inline-start elementor-view-default elementor-widget elementor-widget-icon-box\" data-id=\"7ccff48\" data-element_type=\"widget\" data-e-type=\"widget\" data-widget_type=\"icon-box.default\">\n\t\t\t\t<div class=\"elementor-widget-container\">\n\t\t\t\t\t\t\t<div class=\"elementor-icon-box-wrapper\">\n\n\t\t\t\t\t\t<div class=\"elementor-icon-box-icon\">\n\t\t\t\t<span  class=\"elementor-icon\">\n\t\t\t\t<svg xmlns=\"http:\/\/www.w3.org\/2000\/svg\" width=\"35.55\" height=\"35.55\" viewBox=\"0 0 35.55 35.55\"><path id=\"Path_14221\" data-name=\"Path 14221\" d=\"M19.775,2A17.775,17.775,0,1,0,37.55,19.775,17.775,17.775,0,0,0,19.775,2ZM13.841,4.927a18.8,18.8,0,0,0-4.07,8.626H5.033A16.042,16.042,0,0,1,13.841,4.927ZM3.777,19.775a15.975,15.975,0,0,1,.639-4.444h5.03a29.516,29.516,0,0,0,0,8.887H4.416A15.976,15.976,0,0,1,3.777,19.775ZM5.033,26H9.771a18.8,18.8,0,0,0,4.07,8.626A16.042,16.042,0,0,1,5.033,26Zm13.853,9.7c-3.29-.591-6.058-4.424-7.3-9.7h7.3Zm0-11.473H11.243a27.907,27.907,0,0,1,0-8.887h7.643Zm0-10.665h-7.3c1.241-5.271,4.009-9.1,7.3-9.7Zm15.625,0H29.778a18.816,18.816,0,0,0-4.061-8.617A16.06,16.06,0,0,1,34.511,13.554Zm-13.848-9.7c3.29.591,6.058,4.424,7.3,9.7h-7.3Zm0,11.473h7.643a27.907,27.907,0,0,1,0,8.887H20.664Zm0,20.36V26h7.3C26.722,31.267,23.954,35.1,20.664,35.691Zm5.045-1.069A18.8,18.8,0,0,0,29.778,26h4.739A16.043,16.043,0,0,1,25.709,34.622Zm4.394-10.4a30.006,30.006,0,0,0,.336-4.444,30.016,30.016,0,0,0-.336-4.444h5.026a15.727,15.727,0,0,1,0,8.887Z\" transform=\"translate(-2 -2)\" fill=\"#ffe98f\"><\/path><\/svg>\t\t\t\t<\/span>\n\t\t\t<\/div>\n\t\t\t\n\t\t\t\t\t\t<div class=\"elementor-icon-box-content\">\n\n\t\t\t\t\t\t\t\t\t<h4 class=\"elementor-icon-box-title\">\n\t\t\t\t\t\t<span  >\n\t\t\t\t\t\t\tPresencia internacional\t\t\t\t\t\t<\/span>\n\t\t\t\t\t<\/h4>\n\t\t\t\t\n\t\t\t\t\n\t\t\t<\/div>\n\t\t\t\n\t\t<\/div>\n\t\t\t\t\t\t<\/div>\n\t\t\t\t<\/div>\n\t\t\t\t\t<\/div>\n\t\t\t\t<\/div>\n\t\t\t\t\t<\/div>\n\t\t\t\t<\/div>\n\t\t\t\t<\/div>\n\t\t","protected":false},"excerpt":{"rendered":"<p>Condiciones generales de venta Bienvenido a nuestra p\u00e1gina web Estamos encantados de ofrecerle nuestras soluciones. Para garantizarle una experiencia de compra clara y transparente, hemos redactado unas Condiciones Generales de Venta que definen los derechos y obligaciones tanto nuestros como suyos como cliente. Estas Condiciones Generales se aplican a todas las ventas de productos, incluidas [&hellip;]<\/p>\n","protected":false},"author":10,"featured_media":0,"parent":0,"menu_order":0,"comment_status":"closed","ping_status":"closed","template":"","meta":{"_acf_changed":false,"content-type":"","inline_featured_image":false,"footnotes":""},"class_list":["post-23360","page","type-page","status-publish","hentry"],"acf":[],"yoast_head":"<!-- This site is optimized with the Yoast SEO plugin v27.6 - https:\/\/yoast.com\/product\/yoast-seo-wordpress\/ -->\n<title>Condiciones generales de venta - METEORAGE<\/title>\n<meta name=\"description\" content=\"Estas Condiciones Generales se aplican a todas las ventas de productos, incluidas las ventas en l\u00ednea realizadas a trav\u00e9s de nuestro sitio web.\" \/>\n<meta name=\"robots\" content=\"index, follow, max-snippet:-1, max-image-preview:large, max-video-preview:-1\" \/>\n<link rel=\"canonical\" href=\"https:\/\/www.meteorage.com\/es\/condiciones-generales-de-venta\/\" \/>\n<meta property=\"og:locale\" content=\"es_ES\" \/>\n<meta property=\"og:type\" content=\"article\" \/>\n<meta property=\"og:title\" content=\"Condiciones generales de venta - METEORAGE\" \/>\n<meta property=\"og:description\" content=\"Estas Condiciones Generales se aplican a todas las ventas de productos, incluidas las ventas en l\u00ednea realizadas a trav\u00e9s de nuestro sitio web.\" \/>\n<meta property=\"og:url\" content=\"https:\/\/www.meteorage.com\/es\/condiciones-generales-de-venta\/\" \/>\n<meta property=\"og:site_name\" content=\"METEORAGE\" \/>\n<meta property=\"article:modified_time\" content=\"2025-06-11T14:10:42+00:00\" \/>\n<meta name=\"twitter:card\" content=\"summary_large_image\" \/>\n<meta name=\"twitter:label1\" content=\"Tiempo de lectura\" \/>\n\t<meta name=\"twitter:data1\" content=\"1 minuto\" \/>\n<script type=\"application\/ld+json\" class=\"yoast-schema-graph\">{\"@context\":\"https:\\\/\\\/schema.org\",\"@graph\":[{\"@type\":\"WebPage\",\"@id\":\"https:\\\/\\\/www.meteorage.com\\\/es\\\/condiciones-generales-de-venta\\\/\",\"url\":\"https:\\\/\\\/www.meteorage.com\\\/es\\\/condiciones-generales-de-venta\\\/\",\"name\":\"Condiciones generales de venta - METEORAGE\",\"isPartOf\":{\"@id\":\"https:\\\/\\\/www.meteorage.com\\\/es\\\/#website\"},\"datePublished\":\"2024-06-13T11:57:18+00:00\",\"dateModified\":\"2025-06-11T14:10:42+00:00\",\"description\":\"Estas Condiciones Generales se aplican a todas las ventas de productos, incluidas las ventas en l\u00ednea realizadas a trav\u00e9s de nuestro sitio web.\",\"breadcrumb\":{\"@id\":\"https:\\\/\\\/www.meteorage.com\\\/es\\\/condiciones-generales-de-venta\\\/#breadcrumb\"},\"inLanguage\":\"es\",\"potentialAction\":[{\"@type\":\"ReadAction\",\"target\":[\"https:\\\/\\\/www.meteorage.com\\\/es\\\/condiciones-generales-de-venta\\\/\"]}]},{\"@type\":\"BreadcrumbList\",\"@id\":\"https:\\\/\\\/www.meteorage.com\\\/es\\\/condiciones-generales-de-venta\\\/#breadcrumb\",\"itemListElement\":[{\"@type\":\"ListItem\",\"position\":1,\"name\":\"Accueil\",\"item\":\"https:\\\/\\\/www.meteorage.com\\\/es\\\/\"},{\"@type\":\"ListItem\",\"position\":2,\"name\":\"Condiciones generales de venta\"}]},{\"@type\":\"WebSite\",\"@id\":\"https:\\\/\\\/www.meteorage.com\\\/es\\\/#website\",\"url\":\"https:\\\/\\\/www.meteorage.com\\\/es\\\/\",\"name\":\"METEORAGE\",\"description\":\"\",\"publisher\":{\"@id\":\"https:\\\/\\\/www.meteorage.com\\\/es\\\/#organization\"},\"potentialAction\":[{\"@type\":\"SearchAction\",\"target\":{\"@type\":\"EntryPoint\",\"urlTemplate\":\"https:\\\/\\\/www.meteorage.com\\\/es\\\/?s={search_term_string}\"},\"query-input\":{\"@type\":\"PropertyValueSpecification\",\"valueRequired\":true,\"valueName\":\"search_term_string\"}}],\"inLanguage\":\"es\"},{\"@type\":\"Organization\",\"@id\":\"https:\\\/\\\/www.meteorage.com\\\/es\\\/#organization\",\"name\":\"METEORAGE\",\"url\":\"https:\\\/\\\/www.meteorage.com\\\/es\\\/\",\"logo\":{\"@type\":\"ImageObject\",\"inLanguage\":\"es\",\"@id\":\"https:\\\/\\\/www.meteorage.com\\\/es\\\/#\\\/schema\\\/logo\\\/image\\\/\",\"url\":\"https:\\\/\\\/www.meteorage.com\\\/wp-content\\\/uploads\\\/2025\\\/10\\\/02.-Logo-METEORAGE-horizontal-blanc.png.webp\",\"contentUrl\":\"https:\\\/\\\/www.meteorage.com\\\/wp-content\\\/uploads\\\/2025\\\/10\\\/02.-Logo-METEORAGE-horizontal-blanc.png.webp\",\"width\":2445,\"height\":501,\"caption\":\"METEORAGE\"},\"image\":{\"@id\":\"https:\\\/\\\/www.meteorage.com\\\/es\\\/#\\\/schema\\\/logo\\\/image\\\/\"}}]}<\/script>\n<!-- \/ Yoast SEO plugin. -->","yoast_head_json":{"title":"Condiciones generales de venta - METEORAGE","description":"Estas Condiciones Generales se aplican a todas las ventas de productos, incluidas las ventas en l\u00ednea realizadas a trav\u00e9s de nuestro sitio web.","robots":{"index":"index","follow":"follow","max-snippet":"max-snippet:-1","max-image-preview":"max-image-preview:large","max-video-preview":"max-video-preview:-1"},"canonical":"https:\/\/www.meteorage.com\/es\/condiciones-generales-de-venta\/","og_locale":"es_ES","og_type":"article","og_title":"Condiciones generales de venta - METEORAGE","og_description":"Estas Condiciones Generales se aplican a todas las ventas de productos, incluidas las ventas en l\u00ednea realizadas a trav\u00e9s de nuestro sitio web.","og_url":"https:\/\/www.meteorage.com\/es\/condiciones-generales-de-venta\/","og_site_name":"METEORAGE","article_modified_time":"2025-06-11T14:10:42+00:00","twitter_card":"summary_large_image","twitter_misc":{"Tiempo de lectura":"1 minuto"},"schema":{"@context":"https:\/\/schema.org","@graph":[{"@type":"WebPage","@id":"https:\/\/www.meteorage.com\/es\/condiciones-generales-de-venta\/","url":"https:\/\/www.meteorage.com\/es\/condiciones-generales-de-venta\/","name":"Condiciones generales de venta - METEORAGE","isPartOf":{"@id":"https:\/\/www.meteorage.com\/es\/#website"},"datePublished":"2024-06-13T11:57:18+00:00","dateModified":"2025-06-11T14:10:42+00:00","description":"Estas Condiciones Generales se aplican a todas las ventas de productos, incluidas las ventas en l\u00ednea realizadas a trav\u00e9s de nuestro sitio web.","breadcrumb":{"@id":"https:\/\/www.meteorage.com\/es\/condiciones-generales-de-venta\/#breadcrumb"},"inLanguage":"es","potentialAction":[{"@type":"ReadAction","target":["https:\/\/www.meteorage.com\/es\/condiciones-generales-de-venta\/"]}]},{"@type":"BreadcrumbList","@id":"https:\/\/www.meteorage.com\/es\/condiciones-generales-de-venta\/#breadcrumb","itemListElement":[{"@type":"ListItem","position":1,"name":"Accueil","item":"https:\/\/www.meteorage.com\/es\/"},{"@type":"ListItem","position":2,"name":"Condiciones generales de venta"}]},{"@type":"WebSite","@id":"https:\/\/www.meteorage.com\/es\/#website","url":"https:\/\/www.meteorage.com\/es\/","name":"METEORAGE","description":"","publisher":{"@id":"https:\/\/www.meteorage.com\/es\/#organization"},"potentialAction":[{"@type":"SearchAction","target":{"@type":"EntryPoint","urlTemplate":"https:\/\/www.meteorage.com\/es\/?s={search_term_string}"},"query-input":{"@type":"PropertyValueSpecification","valueRequired":true,"valueName":"search_term_string"}}],"inLanguage":"es"},{"@type":"Organization","@id":"https:\/\/www.meteorage.com\/es\/#organization","name":"METEORAGE","url":"https:\/\/www.meteorage.com\/es\/","logo":{"@type":"ImageObject","inLanguage":"es","@id":"https:\/\/www.meteorage.com\/es\/#\/schema\/logo\/image\/","url":"https:\/\/www.meteorage.com\/wp-content\/uploads\/2025\/10\/02.-Logo-METEORAGE-horizontal-blanc.png.webp","contentUrl":"https:\/\/www.meteorage.com\/wp-content\/uploads\/2025\/10\/02.-Logo-METEORAGE-horizontal-blanc.png.webp","width":2445,"height":501,"caption":"METEORAGE"},"image":{"@id":"https:\/\/www.meteorage.com\/es\/#\/schema\/logo\/image\/"}}]}},"_links":{"self":[{"href":"https:\/\/www.meteorage.com\/es\/wp-json\/wp\/v2\/pages\/23360","targetHints":{"allow":["GET"]}}],"collection":[{"href":"https:\/\/www.meteorage.com\/es\/wp-json\/wp\/v2\/pages"}],"about":[{"href":"https:\/\/www.meteorage.com\/es\/wp-json\/wp\/v2\/types\/page"}],"author":[{"embeddable":true,"href":"https:\/\/www.meteorage.com\/es\/wp-json\/wp\/v2\/users\/10"}],"replies":[{"embeddable":true,"href":"https:\/\/www.meteorage.com\/es\/wp-json\/wp\/v2\/comments?post=23360"}],"version-history":[{"count":0,"href":"https:\/\/www.meteorage.com\/es\/wp-json\/wp\/v2\/pages\/23360\/revisions"}],"wp:attachment":[{"href":"https:\/\/www.meteorage.com\/es\/wp-json\/wp\/v2\/media?parent=23360"}],"curies":[{"name":"wp","href":"https:\/\/api.w.org\/{rel}","templated":true}]}}